{"id":2,"date":"2014-05-09T04:35:09","date_gmt":"2014-05-09T04:35:09","guid":{"rendered":"http:\/\/localhost\/wordpress-3.9.1\/wordpress\/?page_id=2"},"modified":"2017-05-14T00:34:56","modified_gmt":"2017-05-13T22:34:56","slug":"ich","status":"publish","type":"page","link":"http:\/\/alfons.numberger.org\/?page_id=2","title":{"rendered":"\u00dcber mich"},"content":{"rendered":"<p style=\"text-align: justify;\">Das Bild von mir, aufgenommen im Sommer 2010 am Hudson River in New York. Bis dahin liebte ich St\u00e4dte wie Athen, Rom und Konstantinopel\/Istanbul. Aber die Tage in Manhattan, mit meinem Sohn Michael und seiner Frau Petra, waren wundersch\u00f6n&#8230;<\/p>\n<p style=\"text-align: justify;\">Geboren und aufgewachsen in M\u00fcnchen, im Schatten der St. Anna-Kirche im Lehel. Nach dem\u00a0 Abitur am Wilhelmsgymnasium (1958) Studium der Philosophie, kath. Theologie, Germanistik und Geschichte in Freising, W\u00fcrzburg und M\u00fcnchen. Ein kurzes Volontariat beim &#8222;Allg\u00e4uer&#8220; in Kempten, dann 35 Jahre Lehrer in Aichach, Wasserburg und zuletzt an der FOS in M\u00fcnchen. Seit 2002 im Ruhestand.<\/p>\n<p style=\"text-align: justify;\">Interessiere mich f\u00fcr Weltreligionen, m\u00f6chte noch einmal nach Tel Aviv\/Jerusalem. Tr\u00e4ume von Reisen in den Orient: Samarkand\/Usbekistan, Isfahan und Shiraz im Iran. Und mein letztes Ziel, ein Besuch in der fr\u00fchchristl. Kirche\u00a0 Santo Stefano Rotondo auf dem Mons Caelius in Rom.<\/p>\n<p style=\"text-align: justify;\">Und das Sch\u00f6nste, dass meine Frau Renate und ich Gro\u00dfeltern geworden sind: Unsere Tochter Anna und ihr Mann Lamjed freuen sich \u00fcber ihre Tochter Selma, die am 12. Mai 2014 geboren wurde.<\/p>\n","protected":false},"excerpt":{"rendered":"<p>Das Bild von mir, aufgenommen im Sommer 2010 am Hudson River in New York. Bis dahin liebte ich St\u00e4dte wie Athen, Rom und Konstantinopel\/Istanbul. Aber die Tage in Manhattan, mit meinem Sohn Michael und seiner Frau Petra, waren wundersch\u00f6n&#8230; Geboren und aufgewachsen in M\u00fcnchen, im Schatten der St. Anna-Kirche im Lehel. Nach dem\u00a0 Abitur am [&hellip;]<\/p>\n","protected":false},"author":1,"featured_media":0,"parent":0,"menu_order":1,"comment_status":"open","ping_status":"closed","template":"page-templates\/front-page.php","meta":{"jetpack_post_was_ever_published":false,"footnotes":""},"class_list":["post-2","page","type-page","status-publish","hentry"],"jetpack_shortlink":"https:\/\/wp.me\/P51wxf-2","jetpack_sharing_enabled":false,"_links":{"self":[{"href":"http:\/\/alfons.numberger.org\/index.php?rest_route=\/wp\/v2\/pages\/2","targetHints":{"allow":["GET"]}}],"collection":[{"href":"http:\/\/alfons.numberger.org\/index.php?rest_route=\/wp\/v2\/pages"}],"about":[{"href":"http:\/\/alfons.numberger.org\/index.php?rest_route=\/wp\/v2\/types\/page"}],"author":[{"embeddable":true,"href":"http:\/\/alfons.numberger.org\/index.php?rest_route=\/wp\/v2\/users\/1"}],"replies":[{"embeddable":true,"href":"http:\/\/alfons.numberger.org\/index.php?rest_route=%2Fwp%2Fv2%2Fcomments&post=2"}],"version-history":[{"count":13,"href":"http:\/\/alfons.numberger.org\/index.php?rest_route=\/wp\/v2\/pages\/2\/revisions"}],"predecessor-version":[{"id":158,"href":"http:\/\/alfons.numberger.org\/index.php?rest_route=\/wp\/v2\/pages\/2\/revisions\/158"}],"wp:attachment":[{"href":"http:\/\/alfons.numberger.org\/index.php?rest_route=%2Fwp%2Fv2%2Fmedia&parent=2"}],"curies":[{"name":"wp","href":"https:\/\/api.w.org\/{rel}","templated":true}]}}