{"id":16,"date":"2014-09-06T09:36:33","date_gmt":"2014-09-06T09:36:33","guid":{"rendered":"http:\/\/alfons.numberger.org\/?page_id=16"},"modified":"2016-01-15T16:46:03","modified_gmt":"2016-01-15T15:46:03","slug":"willkommen-auf-meiner-webseite","status":"publish","type":"page","link":"http:\/\/alfons.numberger.org\/","title":{"rendered":""},"content":{"rendered":"<p style=\"text-align: center;\">Lange gez\u00f6gert, ob <a title=\"\u00dcber mich\" href=\"http:\/\/alfons.numberger.org\/?page_id=2\">ich<\/a> mich im Internet pr\u00e4sentieren sollte; dann doch mich schnell dazu entschlossen.<\/p>\n<p style=\"text-align: center;\">Vielleicht k\u00f6nnte es sein, dass jemand wissen m\u00f6chte, ob es mich noch gibt.<br \/>\nVielleicht ein gute M\u00f6glichkeit, <a title=\"Kontakt\" href=\"http:\/\/alfons.numberger.org\/?page_id=33\">Kontakt<\/a> aufzunehmen.<\/p>\n<p style=\"text-align: center;\">Ich w\u00fcrde mich dar\u00fcber freuen, auch \u00fcber einen Gedankenaustausch.<\/p>\n<p style=\"text-align: center;\">\n<h6 style=\"text-align: center;\"><em><a href=\"http:\/\/alfons.numberger.org\/wp-login.php\">Login<\/a><\/em><\/h6>\n","protected":false},"excerpt":{"rendered":"<p>Lange gez\u00f6gert, ob ich mich im Internet pr\u00e4sentieren sollte; dann doch mich schnell dazu entschlossen. Vielleicht k\u00f6nnte es sein, dass jemand wissen m\u00f6chte, ob es mich noch gibt. Vielleicht ein gute M\u00f6glichkeit, Kontakt aufzunehmen. Ich w\u00fcrde mich dar\u00fcber freuen, auch \u00fcber einen Gedankenaustausch. Login<\/p>\n","protected":false},"author":1,"featured_media":0,"parent":0,"menu_order":0,"comment_status":"open","ping_status":"open","template":"page-templates\/front-page.php","meta":{"jetpack_post_was_ever_published":false,"footnotes":""},"class_list":["post-16","page","type-page","status-publish","hentry"],"jetpack_shortlink":"https:\/\/wp.me\/P51wxf-g","jetpack_sharing_enabled":true,"_links":{"self":[{"href":"http:\/\/alfons.numberger.org\/index.php?rest_route=\/wp\/v2\/pages\/16","targetHints":{"allow":["GET"]}}],"collection":[{"href":"http:\/\/alfons.numberger.org\/index.php?rest_route=\/wp\/v2\/pages"}],"about":[{"href":"http:\/\/alfons.numberger.org\/index.php?rest_route=\/wp\/v2\/types\/page"}],"author":[{"embeddable":true,"href":"http:\/\/alfons.numberger.org\/index.php?rest_route=\/wp\/v2\/users\/1"}],"replies":[{"embeddable":true,"href":"http:\/\/alfons.numberger.org\/index.php?rest_route=%2Fwp%2Fv2%2Fcomments&post=16"}],"version-history":[{"count":11,"href":"http:\/\/alfons.numberger.org\/index.php?rest_route=\/wp\/v2\/pages\/16\/revisions"}],"predecessor-version":[{"id":148,"href":"http:\/\/alfons.numberger.org\/index.php?rest_route=\/wp\/v2\/pages\/16\/revisions\/148"}],"wp:attachment":[{"href":"http:\/\/alfons.numberger.org\/index.php?rest_route=%2Fwp%2Fv2%2Fmedia&parent=16"}],"curies":[{"name":"wp","href":"https:\/\/api.w.org\/{rel}","templated":true}]}}